{"id":105,"date":"2022-03-09T11:32:23","date_gmt":"2022-03-09T11:32:23","guid":{"rendered":"https:\/\/jf-aldeiavelha.pt\/proposta\/?page_id=105"},"modified":"2022-05-07T10:37:26","modified_gmt":"2022-05-07T10:37:26","slug":"comercio-industria-e-servicos","status":"publish","type":"page","link":"https:\/\/jf-aldeiavelha.pt\/?page_id=105","title":{"rendered":"Com\u00e9rcio"},"content":{"rendered":"\n<p><strong>Minimercado &#8220;Cooperativa 29 de Julho&#8221;<\/strong><\/p>\n\n\n\n<p><i aria-hidden=\"true\" style=\"color:#35b322 !important;\" class=\"fa fa-address-card\"><span class=\"texto_igual\">&nbsp;&nbsp;Rua da Liberdade, n.\u00ba 40, 7480-051 Aldeia Velha AVS<\/span><\/i><\/p>\n\n\n\n<p><i aria-hidden=\"true\" style=\"color:#35b322 !important;\" class=\"fa fa-phone\"><span class=\"texto_igual\">&nbsp;&nbsp;242 983 222<\/span><\/i><\/p>\n\n\n\n<hr class=\"wp-block-separator has-text-color has-background has-white-background-color has-white-color is-style-wide\"\/>\n\n\n\n<hr class=\"wp-block-separator has-text-color has-background has-white-background-color has-white-color is-style-wide\"\/>\n\n\n\n<p><strong>Minimercado &#8220;Helena Marques&#8221;<\/strong><\/p>\n\n\n\n<p><i aria-hidden=\"true\" style=\"color:#35b322 !important;\" class=\"fa fa-address-card\"><span class=\"texto_igual\">&nbsp;&nbsp;Rua 25 de Abril, n.\u00ba 2, 7480-051 Aldeia Velha AVS<\/span><\/i><\/p>\n\n\n\n<p><i aria-hidden=\"true\" style=\"color:#35b322 !important;\" class=\"fa fa-phone\"><span class=\"texto_igual\">&nbsp;&nbsp;242 983 151<\/span><\/i><\/p>\n\n\n\n<hr class=\"wp-block-separator has-text-color has-background has-white-background-color has-white-color is-style-wide\"\/>\n\n\n\n<hr class=\"wp-block-separator has-text-color has-background has-white-background-color has-white-color is-style-wide\"\/>\n\n\n\n<p><p><strong>Caf\u00e9 &#8220;O Bomba&#8221;<\/strong><\/p>\n<p>De Rui Manuel Carreiras Serafim<\/p><\/p>\n\n\n\n<p><i aria-hidden=\"true\" style=\"color:#35b322 !important;\" class=\"fa fa-address-card\"><span class=\"texto_igual\">&nbsp;&nbsp;Rua da Liberdade, n\u00ba 38, 7480-051 Aldeia Velha AVS<\/span><\/i><\/p>\n\n\n\n<p><i aria-hidden=\"true\" style=\"color:#35b322 !important;\" class=\"fa fa-mobile-alt fa-lg\"><span class=\"texto_igual\">&nbsp;&nbsp;961 267 142<\/span><\/i><\/p>\n\n\n\n<hr class=\"wp-block-separator has-text-color has-background has-white-background-color has-white-color is-style-wide\"\/>\n\n\n\n<hr class=\"wp-block-separator has-text-color has-background has-white-background-color has-white-color is-style-wide\"\/>\n\n\n\n<p><strong>Flor do Mel<\/strong><\/p>\n\n\n\n<p>A Flor do Mel \u00e9 pequena empresa de car\u00e1cter familiar no distrito de Portalegre que nos \u00faltimos anos tem vindo a crescer. A sua atividade predominante centra-se na explora\u00e7\u00e3o ap\u00edcola na zona de Aldeia Velha.\nOs nossos api\u00e1rios situam-se em zonas florestais, onde predominam vegeta\u00e7\u00f5es naturais e espont\u00e2neas, sem que ocorra a contamina\u00e7\u00e3o da flora\u00e7\u00e3o pelos produtos qu\u00edmicos.\nCom vista a expandir a nossa oferta para o mercado Nacional, a Flor do Mel tamb\u00e9m apostou na produ\u00e7\u00e3o de cremes faciais, batons, sabonetes e licores.\nO nosso objetivo visa o aproveitamento da flora natural do Alto Alentejo<\/p>\n\n\n\n<p><i aria-hidden=\"true\" style=\"color:#35b322 !important;\" class=\"fa fa-address-card\"><span class=\"texto_igual\">&nbsp;&nbsp;Rua da Liberdade, n.\u00ba 29, 7480-051 Aldeia Velha AVS<\/span><\/i><\/p>\n\n\n\n<p><i aria-hidden=\"true\" style=\"color:#35b322 !important;\" class=\"fa fa-mobile-alt fa-lg\"><span class=\"texto_igual\">&nbsp;&nbsp;934 626 202<\/span><\/i><\/p>\n\n\n\n<p><i aria-hidden=\"true\" style=\"color:#35b322 !important;\" class=\"fa fa-envelope\"><span class=\"texto_igual\">&nbsp;&nbsp;flordomel@hotmail.com<\/span><\/i><\/p>\n\n\n\n<hr class=\"wp-block-separator has-text-color has-background has-white-background-color has-white-color is-style-wide\"\/>\n\n\n\n<hr class=\"wp-block-separator has-text-color has-background has-white-background-color has-white-color is-style-wide\"\/>\n\n\n\n<p><p><strong>Pr\u00e1tica Ocasional \u2013 Explora\u00e7\u00e3o Florestal, Unipessoal, Lda<\/strong><\/p>\n<p>Com\u00e9rcio de madeiras e corti\u00e7a<\/p>\n\n\n\n<p><i aria-hidden=\"true\" style=\"color:#35b322 !important;\" class=\"fa fa-address-card\"><span class=\"texto_igual\">&nbsp;&nbsp;Bairro do Torneiro 33-A, 7480-051 Aldeia Velha AVS<\/span><\/i><\/p>\n\n\n\n<p><i aria-hidden=\"true\" style=\"color:#35b322 !important;\" class=\"fa fa-mobile-alt fa-lg\"><span class=\"texto_igual\">&nbsp;&nbsp;964 118 758<\/span><\/i><\/p>\n\n\n\n<hr class=\"wp-block-separator has-text-color has-background has-white-background-color has-white-color is-style-wide\"\/>\n\n\n\n<hr class=\"wp-block-separator has-text-color has-background has-white-background-color has-white-color is-style-wide\"\/>\n","protected":false},"excerpt":{"rendered":"<p>Minimercado &#8220;Cooperativa 29 de Julho&#8221; &nbsp;&nbsp;Rua da Liberdade, n.\u00ba 40, 7480-051 Aldeia Velha AVS &nbsp;&nbsp;242 983 222 Minimercado &#8220;Helena Marques&#8221; &nbsp;&nbsp;Rua 25 de Abril, n.\u00ba 2, 7480-051 Aldeia Velha AVS &nbsp;&nbsp;242 983 151 Caf\u00e9 &#8220;O Bomba&#8221; De Rui Manuel Carreiras Serafim &nbsp;&nbsp;Rua da Liberdade, n\u00ba 38, 7480-051 Aldeia Velha AVS &nbsp;&nbsp;961 267 142 Flor do&#8230;<\/p>\n","protected":false},"author":1,"featured_media":0,"parent":0,"menu_order":0,"comment_status":"closed","ping_status":"closed","template":"","meta":{"footnotes":""},"class_list":["post-105","page","type-page","status-publish","hentry"],"_links":{"self":[{"href":"https:\/\/jf-aldeiavelha.pt\/index.php?rest_route=\/wp\/v2\/pages\/105","targetHints":{"allow":["GET"]}}],"collection":[{"href":"https:\/\/jf-aldeiavelha.pt\/index.php?rest_route=\/wp\/v2\/pages"}],"about":[{"href":"https:\/\/jf-aldeiavelha.pt\/index.php?rest_route=\/wp\/v2\/types\/page"}],"author":[{"embeddable":true,"href":"https:\/\/jf-aldeiavelha.pt\/index.php?rest_route=\/wp\/v2\/users\/1"}],"replies":[{"embeddable":true,"href":"https:\/\/jf-aldeiavelha.pt\/index.php?rest_route=%2Fwp%2Fv2%2Fcomments&post=105"}],"version-history":[{"count":80,"href":"https:\/\/jf-aldeiavelha.pt\/index.php?rest_route=\/wp\/v2\/pages\/105\/revisions"}],"predecessor-version":[{"id":596,"href":"https:\/\/jf-aldeiavelha.pt\/index.php?rest_route=\/wp\/v2\/pages\/105\/revisions\/596"}],"wp:attachment":[{"href":"https:\/\/jf-aldeiavelha.pt\/index.php?rest_route=%2Fwp%2Fv2%2Fmedia&parent=105"}],"curies":[{"name":"wp","href":"https:\/\/api.w.org\/{rel}","templated":true}]}}