{"id":20,"date":"2022-02-18T22:38:37","date_gmt":"2022-02-18T22:38:37","guid":{"rendered":"https:\/\/jf-aldeiavelha.pt\/proposta\/?page_id=20"},"modified":"2022-03-28T09:49:48","modified_gmt":"2022-03-28T09:49:48","slug":"executivo-da-junta-de-freguesia","status":"publish","type":"page","link":"https:\/\/jf-aldeiavelha.pt\/?page_id=20","title":{"rendered":"Executivo da Junta de Freguesia"},"content":{"rendered":"\n<div class=\"wp-block-columns is-layout-flex wp-container-core-columns-is-layout-28f84493 wp-block-columns-is-layout-flex\">\n<div class=\"wp-block-column is-layout-flow wp-block-column-is-layout-flow\">\n<figure class=\"wp-block-image size-full is-resized\"><img loading=\"lazy\" decoding=\"async\" src=\"https:\/\/jf-aldeiavelha.pt\/proposta\/wp-content\/uploads\/2022\/03\/nophoto.png\" alt=\"\" class=\"wp-image-354\" width=\"215\" height=\"120\" srcset=\"https:\/\/jf-aldeiavelha.pt\/wp-content\/uploads\/2022\/03\/nophoto.png 520w, https:\/\/jf-aldeiavelha.pt\/wp-content\/uploads\/2022\/03\/nophoto-300x168.png 300w\" sizes=\"auto, (max-width: 215px) 100vw, 215px\" \/><\/figure>\n<\/div>\n\n\n\n<div class=\"wp-block-column is-layout-flow wp-block-column-is-layout-flow\">\n<p>Ant\u00f3nio Jos\u00e9 Lopes Carreiras<\/p>\n<\/div>\n\n\n\n<div class=\"wp-block-column is-layout-flow wp-block-column-is-layout-flow\">\n<p class=\"has-text-color\" style=\"color:#35b322\">Presidente<\/p>\n<\/div>\n<\/div>\n\n\n\n<p><\/p>\n\n\n\n<div class=\"wp-block-columns is-layout-flex wp-container-core-columns-is-layout-28f84493 wp-block-columns-is-layout-flex\">\n<div class=\"wp-block-column is-layout-flow wp-block-column-is-layout-flow\">\n<figure class=\"wp-block-image size-full is-resized\"><img loading=\"lazy\" decoding=\"async\" src=\"https:\/\/jf-aldeiavelha.pt\/proposta\/wp-content\/uploads\/2022\/03\/nophoto.png\" alt=\"\" class=\"wp-image-354\" width=\"215\" height=\"120\" srcset=\"https:\/\/jf-aldeiavelha.pt\/wp-content\/uploads\/2022\/03\/nophoto.png 520w, https:\/\/jf-aldeiavelha.pt\/wp-content\/uploads\/2022\/03\/nophoto-300x168.png 300w\" sizes=\"auto, (max-width: 215px) 100vw, 215px\" \/><\/figure>\n<\/div>\n\n\n\n<div class=\"wp-block-column is-layout-flow wp-block-column-is-layout-flow\">\n<p>Ambr\u00f3sio Ant\u00f3nio Morgado Silvano<\/p>\n<\/div>\n\n\n\n<div class=\"wp-block-column is-layout-flow wp-block-column-is-layout-flow\">\n<p class=\"has-text-color\" style=\"color:#35b322\">Tesoureiro<\/p>\n<\/div>\n<\/div>\n\n\n\n<p><\/p>\n\n\n\n<div class=\"wp-block-columns is-layout-flex wp-container-core-columns-is-layout-28f84493 wp-block-columns-is-layout-flex\">\n<div class=\"wp-block-column is-layout-flow wp-block-column-is-layout-flow\">\n<figure class=\"wp-block-image size-full is-resized\"><img loading=\"lazy\" decoding=\"async\" src=\"https:\/\/jf-aldeiavelha.pt\/proposta\/wp-content\/uploads\/2022\/03\/nophoto.png\" alt=\"\" class=\"wp-image-354\" width=\"215\" height=\"120\" srcset=\"https:\/\/jf-aldeiavelha.pt\/wp-content\/uploads\/2022\/03\/nophoto.png 520w, https:\/\/jf-aldeiavelha.pt\/wp-content\/uploads\/2022\/03\/nophoto-300x168.png 300w\" sizes=\"auto, (max-width: 215px) 100vw, 215px\" \/><\/figure>\n<\/div>\n\n\n\n<div class=\"wp-block-column is-layout-flow wp-block-column-is-layout-flow\">\n<p>Helena Jos\u00e9 Serafim Nascimento Carreiras Marques<\/p>\n<\/div>\n\n\n\n<div class=\"wp-block-column is-layout-flow wp-block-column-is-layout-flow\">\n<p class=\"has-text-color\" style=\"color:#35b322\">Secret\u00e1ria<\/p>\n<\/div>\n<\/div>\n\n\n\n<p><\/p>\n","protected":false},"excerpt":{"rendered":"<p>Ant\u00f3nio Jos\u00e9 Lopes Carreiras Presidente Ambr\u00f3sio Ant\u00f3nio Morgado Silvano Tesoureiro Helena Jos\u00e9 Serafim Nascimento Carreiras Marques Secret\u00e1ria<\/p>\n","protected":false},"author":1,"featured_media":0,"parent":0,"menu_order":0,"comment_status":"closed","ping_status":"closed","template":"","meta":{"footnotes":""},"class_list":["post-20","page","type-page","status-publish","hentry"],"_links":{"self":[{"href":"https:\/\/jf-aldeiavelha.pt\/index.php?rest_route=\/wp\/v2\/pages\/20","targetHints":{"allow":["GET"]}}],"collection":[{"href":"https:\/\/jf-aldeiavelha.pt\/index.php?rest_route=\/wp\/v2\/pages"}],"about":[{"href":"https:\/\/jf-aldeiavelha.pt\/index.php?rest_route=\/wp\/v2\/types\/page"}],"author":[{"embeddable":true,"href":"https:\/\/jf-aldeiavelha.pt\/index.php?rest_route=\/wp\/v2\/users\/1"}],"replies":[{"embeddable":true,"href":"https:\/\/jf-aldeiavelha.pt\/index.php?rest_route=%2Fwp%2Fv2%2Fcomments&post=20"}],"version-history":[{"count":10,"href":"https:\/\/jf-aldeiavelha.pt\/index.php?rest_route=\/wp\/v2\/pages\/20\/revisions"}],"predecessor-version":[{"id":366,"href":"https:\/\/jf-aldeiavelha.pt\/index.php?rest_route=\/wp\/v2\/pages\/20\/revisions\/366"}],"wp:attachment":[{"href":"https:\/\/jf-aldeiavelha.pt\/index.php?rest_route=%2Fwp%2Fv2%2Fmedia&parent=20"}],"curies":[{"name":"wp","href":"https:\/\/api.w.org\/{rel}","templated":true}]}}