{"id":694,"date":"2023-07-11T10:40:23","date_gmt":"2023-07-11T09:40:23","guid":{"rendered":"https:\/\/jf-aldeiavelha.pt\/?page_id=694"},"modified":"2026-02-20T10:27:32","modified_gmt":"2026-02-20T10:27:32","slug":"destaques","status":"publish","type":"page","link":"https:\/\/jf-aldeiavelha.pt\/","title":{"rendered":"Destaques"},"content":{"rendered":"\n<h3 class=\"wp-block-heading\">Aviso de 19 de fevereiro de 2026 &#8211; In\u00edcio de Procedimento de Elabora\u00e7\u00e3o de Regulamento de Taxas e Licen\u00e7as<\/h3>\n\n\n<p><em><strong><a href=\"https:\/\/jf-aldeiavelha.pt\/?page_id=820\" target=\"_blank\" rel=\"noopener\">Consultar aqui.<\/a><\/strong><\/em><\/p>\n\n\n\n<hr class=\"wp-block-separator has-alpha-channel-opacity\"\/>\n\n\n\n<h3 class=\"wp-block-heading\">Aviso de 15 de novembro de 2024 &#8211; In\u00edcio de Procedimento de Elabora\u00e7\u00e3o de Regulamento do cemit\u00e9rio da Freguesia<\/h3>\n\n\n<p><em><strong><a href=\"https:\/\/jf-aldeiavelha.pt\/?page_id=820\" target=\"_blank\" rel=\"noopener\">Consultar aqui.<\/a><\/strong><\/em><\/p>\n\n\n<hr class=\"wp-block-separator has-alpha-channel-opacity\"\/>\n\n\n\n<h3 class=\"wp-block-heading\">Procedimento Concursal &#8211; Assistente Operacional &#8211; Resultados <\/h3>\n\n\n<p><em><strong><a href=\"https:\/\/jf-aldeiavelha.pt\/?mdocs-file=791\" target=\"_blank\" rel=\"noopener\">Procedimento concursal 2023 &#8211; Assistente Operacional &#8211; Lista de resultados da Entrevista de Avalia\u00e7\u00e3o de Compet\u00eancias.<\/a><\/strong><\/em><\/p>\n<p><em><strong><a href=\"https:\/\/jf-aldeiavelha.pt\/?mdocs-file=757\" target=\"_blank\" rel=\"noopener\">Procedimento concursal 2023 &#8211; Assistente Operacional &#8211; Lista de resultados da prova escrita.<\/a><\/strong><\/em><\/p>\n\n\n<hr class=\"wp-block-separator has-alpha-channel-opacity\"\/>\n\n\n\n<h3 class=\"wp-block-heading\">Procedimento Concursal &#8211; Assistente Operacional &#8211; Atas <\/h3>\n\n\n<p><em><strong><a href=\"https:\/\/jf-aldeiavelha.pt\/?mdocs-file=810\" target=\"_blank\" rel=\"noopener\">Procedimento concursal 2023 &#8211; Assistente Operacional &#8211; Ata n.\u00ba 7<\/a><\/strong><\/em>, de 16\/11\/2023<\/p>\n<p><em><strong><a href=\"https:\/\/jf-aldeiavelha.pt\/?mdocs-file=801\" target=\"_blank\" rel=\"noopener\">Procedimento concursal 2023 &#8211; Assistente Operacional &#8211; Ata n.\u00ba 6<\/a><\/strong><\/em>, de 25\/10\/2023<\/p>\n<p><em><strong><a href=\"https:\/\/jf-aldeiavelha.pt\/?mdocs-file=798\" target=\"_blank\" rel=\"noopener\">Procedimento concursal 2023 &#8211; Assistente Operacional &#8211; Ata n.\u00ba 5<\/a><\/strong><\/em>, de 10\/10\/2023<\/p>\n<p><em><strong><a href=\"https:\/\/jf-aldeiavelha.pt\/?mdocs-file=795\" target=\"_blank\" rel=\"noopener\">Procedimento concursal 2023 &#8211; Assistente Operacional &#8211; Ata n.\u00ba 4<\/a><\/strong><\/em>, de 25\/09\/2023<\/p>\n<p><em><strong><a href=\"https:\/\/jf-aldeiavelha.pt\/?mdocs-file=759\" target=\"_blank\" rel=\"noopener\">Procedimento concursal 2023 &#8211; Assistente Operacional &#8211; Ata n.\u00ba 3<\/a><\/strong><\/em>, de 13\/09\/2023<\/p>\n<p><em><strong><a href=\"https:\/\/jf-aldeiavelha.pt\/?mdocs-file=742\" target=\"_blank\" rel=\"noopener\">Procedimento concursal 2023 &#8211; Assistente Operacional &#8211; Ata n.\u00ba 2<\/a><\/strong><\/em>, de 01\/09\/2023<\/p>\n<p><em><strong><a href=\"https:\/\/jf-aldeiavelha.pt\/?mdocs-file=740\" target=\"_blank\" rel=\"noopener\">Procedimento concursal 2023 &#8211; Assistente Operacional &#8211; Ata n.\u00ba 1<\/a><\/strong><\/em>, de 22\/06\/2023<\/p>\n\n\n<hr class=\"wp-block-separator has-alpha-channel-opacity\"\/>\n\n\n\n<h3 class=\"wp-block-heading\">Aviso de Abertura de Procedimento Concursal &#8211; Assistente Operacional <\/h3>\n\n\n<p>Para os fins previstos na al\u00ednea d), n.\u00ba 1 do art.\u00ba 19.\u00ba da Portaria n.\u00ba 83-A\/2009 de 22\/01, na sua atual reda\u00e7\u00e3o, torna-se p\u00fablico que, de acordo com o aviso publicado no Di\u00e1rio da Rep\u00fablica, 2.\u00aa s\u00e9rie, n.\u00ba 13260\/2023 de 10\/07\/2023, se encontra aberto pelo prazo de 10 dias \u00fateis Procedimento Concursal Comum para recrutamento na modalidade de contrato de trabalho em fun\u00e7\u00f5es p\u00fablicas por tempo indeterminado para um lugar na carreira e categoria de Assistente Operacional, sendo detentor de escolaridade obrigat\u00f3ria, exigida de acordo com a idade, n\u00e3o havendo possibilidade de substitui\u00e7\u00e3o do n\u00edvel habilitacional por forma\u00e7\u00e3o ou experi\u00eancia profissional de acordo com a al\u00ednea a) do n.\u00ba 1, do artigo 86.\u00ba da Lei n.\u00ba 35\/2014, de 20 de Junho, e sendo o posto de trabalho caracterizado da seguinte forma : assegurar os procedimentos dos servi\u00e7os cemiteriais, como inuma\u00e7\u00f5es, traslada\u00e7\u00f5es e exuma\u00e7\u00f5es; Efetuar a limpeza e manuten\u00e7\u00e3o do cemit\u00e9rio e zonas envolventes; Assegurar a limpeza e manuten\u00e7\u00e3o das vias, espa\u00e7os p\u00fablicos, espa\u00e7os verdes e ajardinados da Freguesia; Garantir a conserva\u00e7\u00e3o de bermas, valetas e caminhos agr\u00edcolas; Proceder \u00e0 pintura de muros e outras estruturas no cemit\u00e9rio e zonas envolventes; Manusear ve\u00edculos, equipamentos, ferramentas e utens\u00edlios manuais ou mec\u00e2nicos, necess\u00e1rios \u00e0 execu\u00e7\u00e3o dos trabalhos e proceder \u00e0 sua arruma\u00e7\u00e3o, limpeza e manuten\u00e7\u00e3o; Aplica\u00e7\u00e3o de produtos fitofarmac\u00eauticos; Colaborar nas atividades organizadas pela Freguesia.<\/p>\n<p>Consulte <em><strong><a href=\"https:\/\/jf-aldeiavelha.pt\/?page_id=708\">aqui<\/a><\/strong><\/em> os documentos relativos a Procedimentos Concursais<\/p>","protected":false},"excerpt":{"rendered":"<p>Aviso de 19 de fevereiro de 2026 &#8211; In\u00edcio de Procedimento de Elabora\u00e7\u00e3o de Regulamento de Taxas e Licen\u00e7as Consultar aqui. Aviso de 15 de novembro de 2024 &#8211; In\u00edcio de Procedimento de Elabora\u00e7\u00e3o de Regulamento do cemit\u00e9rio da Freguesia Consultar aqui. Procedimento Concursal &#8211; Assistente Operacional &#8211; Resultados Procedimento concursal 2023 &#8211; Assistente Operacional&#8230;<\/p>\n","protected":false},"author":1,"featured_media":0,"parent":0,"menu_order":0,"comment_status":"closed","ping_status":"closed","template":"","meta":{"footnotes":""},"class_list":["post-694","page","type-page","status-publish","hentry"],"_links":{"self":[{"href":"https:\/\/jf-aldeiavelha.pt\/index.php?rest_route=\/wp\/v2\/pages\/694","targetHints":{"allow":["GET"]}}],"collection":[{"href":"https:\/\/jf-aldeiavelha.pt\/index.php?rest_route=\/wp\/v2\/pages"}],"about":[{"href":"https:\/\/jf-aldeiavelha.pt\/index.php?rest_route=\/wp\/v2\/types\/page"}],"author":[{"embeddable":true,"href":"https:\/\/jf-aldeiavelha.pt\/index.php?rest_route=\/wp\/v2\/users\/1"}],"replies":[{"embeddable":true,"href":"https:\/\/jf-aldeiavelha.pt\/index.php?rest_route=%2Fwp%2Fv2%2Fcomments&post=694"}],"version-history":[{"count":52,"href":"https:\/\/jf-aldeiavelha.pt\/index.php?rest_route=\/wp\/v2\/pages\/694\/revisions"}],"predecessor-version":[{"id":871,"href":"https:\/\/jf-aldeiavelha.pt\/index.php?rest_route=\/wp\/v2\/pages\/694\/revisions\/871"}],"wp:attachment":[{"href":"https:\/\/jf-aldeiavelha.pt\/index.php?rest_route=%2Fwp%2Fv2%2Fmedia&parent=694"}],"curies":[{"name":"wp","href":"https:\/\/api.w.org\/{rel}","templated":true}]}}