{"id":820,"date":"2024-11-20T13:59:16","date_gmt":"2024-11-20T13:59:16","guid":{"rendered":"https:\/\/jf-aldeiavelha.pt\/?page_id=820"},"modified":"2026-02-20T10:24:44","modified_gmt":"2026-02-20T10:24:44","slug":"avisos","status":"publish","type":"page","link":"https:\/\/jf-aldeiavelha.pt\/?page_id=820","title":{"rendered":"Avisos"},"content":{"rendered":"\n<p>2026<\/p>\n\n\n<div class=\"mdocs\"><div class=\"mdocs-wrap\"><\/div><div class=\"mdocs-container\"><table class=\"table table-hover table-condensed\" id=\"mdocs-list-table\">\t<thead>\r\n\t\t<tr>\r\n\t\t\t\t\t\t\t<th class=\"mdocs-name mdocs-sort-option\" data-folder=\"mdocs-cat-28\" data-sort=\"name\" data-sort-type=\"desc\" data-current-sort=\"modified\" data-current-sort-type=\"desc\" data-is-dashboard=\"\" data-hide-folder=\"1\" data-hide-main-folder=\"1\" >Name<\/th>\r\n\t\t\t\t\t\t\t\t\t<th class=\"mdocs-download mdocs-sort-option\" data-folder=\"mdocs-cat-28\" data-sort=\"download\" data-sort-type=\"desc\" data-current-sort=\"modified\" data-current-sort-type=\"desc\" data-is-dashboard=\"\" data-hide-folder=\"1\" data-hide-main-folder=\"1\" >Download<\/th>\r\n\t\t\t\t\t<\/tr>\r\n\t\t<\/thead>\r\n\t\t\t<!--tfoot>\r\n\t\t\t\t<\/tfoot--!>\r\n\t\t\t\t<tr class=\"mdocs-normal\">\r\n\t\t\t\t\t\t\t\t\t<td id=\"\" class=\"mdocs-name\" colspan=\"0\">\r\n\t\t\t\t\t\t\t\t<div class=\"mdocs-btn-group btn-group\">\r\n\t\t\t\t\t\t\t\t\t\t\t\t\t\t\t\t\t\t<a class=\"mdocs-title-href\" data-mdocs-id=\"0\" data-toggle=\"dropdown\" href=\"#\" data-folder=\"mdocs-cat-28\" data-sort=\"modified\" data-sort-type=\"desc\" data-current-sort=\"modified\" data-current-sort-type=\"desc\" data-is-dashboard=\"\" data-hide-folder=\"1\" data-hide-main-folder=\"1\"><img decoding=\"async\" src=\"https:\/\/jf-aldeiavelha.pt\/wp-content\/plugins\/memphis-documents-library\/assets\/imgs\/filetype-icons\/pdf.png\" class=\"mdoc-file-type-icon\"  \/> Aviso de 19 de fevereiro de 2026 - In\u00edcio de Procedimento de Elabora\u00e7\u00e3o de Regulamento de Taxas e Licen\u00e7as - <small class=\"text-muted\">aviso_19_02_2026.pdf<\/small><\/a>\r\n\t\t\t\t\t\t\t\t\t\r\n\t\t\t\t\t\t\t\t\t<ul class=\"mdocs-dropdown-menu\" role=\"menu\" aria-labelledby=\"dropdownMenu1\">\r\n\t\t\t\t\t\t\t\t\t\t<li role=\"presentation\" class=\"dropdown-header\"><i class=\"fa fa-medium\" aria-hidden=\"true\"><\/i> &#187; aviso_19_02_2026.pdf<\/li>\r\n\t\t\t\t\t\t\t\t\t\t<li role=\"presentation\" class=\"divider\"><\/li>\r\n\t\t\t\t\t\t\t\t\t\t<li role=\"presentation\" class=\"dropdown-header\">File Options<\/li>\r\n\t\t\t\t\t\t\t\t\t\t\t\t<li role=\"presentation\">\r\n\t\t\t<a role=\"menuitem\" tabindex=\"-1\" href=\"https:\/\/jf-aldeiavelha.pt\/?mdocs-file=866\"><i class=\"fas fa-cloud-download-alt\" aria-hidden=\"true\"><\/i> Download<\/a>\r\n\t\t<\/li>\r\n\t\t\t<li role=\"presentation\"><a class=\"description-preview\" role=\"menuitem\" tabindex=\"-1\" href=\"#\" data-toggle=\"mdocs-modal\" data-target=\"#mdocs-description-preview\" data-mdocs-id=\"866\" data-is-admin=\"\" ><i class=\"fa fa-leaf\" aria-hidden=\"true\"><\/i> Description<\/a><\/li>\r\n\t \r\n\t\t<li role=\"presentation\">\r\n\t\t\t<a class=\"file-preview\" role=\"menuitem\" tabindex=\"-1\" data-toggle=\"mdocs-modal\" data-target=\"#mdocs-file-preview\" data-mdocs-id=\"866\" data-is-admin=\"\" href=\"\"><i class=\"fa fa-search mdocs-preview-icon\" aria-hidden=\"true\"><\/i> Preview<\/a>\r\n\t\t<\/li>\r\n\t\t\t\t<li role=\"presentation\"><a class=\"versions-button\" role=\"menuitem\" tabindex=\"-1\" href=\"#\" data-toggle=\"mdocs-modal\" data-target=\"#mdocs-versions\" data-mdocs-id=\"866\" ><i class=\"fa fa-code-branch\" aria-hidden=\"true\"><\/i> Other Versions<\/a><\/li>\r\n\t\t\t\t<li role=\"presentation\">\r\n\t\t\t<a role=\"menuitem\" tabindex=\"-1\" href=\"https:\/\/jf-aldeiavelha.pt\/?mdocs-posts=aviso-de-19-02-2026-inicio-de-procedimento-de-elaboracao-de-regulamento-de-taxas-e-licencas&mdocs-cat=\" target=\"_blank\">\r\n\t\t\t<i class=\"fas fa-arrow-circle-right\" aria-hidden=\"true\" ><\/i> Goto Post<\/a>\r\n\t\t<\/li>\r\n\t\t\t\t\t\t\t\t\t\t\t  <\/ul>\r\n\t\t\t\t\t\t\t\t<\/div>\r\n\t\t\t\t\t\t<\/td>\r\n\t\t\t\t\t\t\t\t\t\t\t\t<td class=\"mdocs-download\">\r\n\t\t\t\t\t\t\t<i class=\"fa fa-download\" aria-hidden=\"true\" title=\"Download\"><\/i>\r\n\t\t\t\t\t\t\t<em style=\"color: ;\" ><a href=\"https:\/\/jf-aldeiavelha.pt\/?mdocs-file=866\">Download<\/a><\/em>\r\n\t\t\t\t\t\t<\/td>\t\t<\/tr>\r\n<\/table><\/div><\/div>\n\n\n\n<p>2024<\/p>\n\n\n<div class=\"mdocs\"><div class=\"mdocs-wrap\"><\/div><div class=\"mdocs-container\"><table class=\"table table-hover table-condensed\" id=\"mdocs-list-table\">\t<thead>\r\n\t\t<tr>\r\n\t\t\t\t\t\t\t<th class=\"mdocs-name mdocs-sort-option\" data-folder=\"mdocs-cat-22\" data-sort=\"name\" data-sort-type=\"desc\" data-current-sort=\"modified\" data-current-sort-type=\"desc\" data-is-dashboard=\"\" data-hide-folder=\"1\" data-hide-main-folder=\"1\" >Name<\/th>\r\n\t\t\t\t\t\t\t\t\t<th class=\"mdocs-download mdocs-sort-option\" data-folder=\"mdocs-cat-22\" data-sort=\"download\" data-sort-type=\"desc\" data-current-sort=\"modified\" data-current-sort-type=\"desc\" data-is-dashboard=\"\" data-hide-folder=\"1\" data-hide-main-folder=\"1\" >Download<\/th>\r\n\t\t\t\t\t<\/tr>\r\n\t\t<\/thead>\r\n\t\t\t<!--tfoot>\r\n\t\t\t\t<\/tfoot--!>\r\n\t\t\t\t<tr class=\"mdocs-normal\">\r\n\t\t\t\t\t\t\t\t\t<td id=\"\" class=\"mdocs-name\" colspan=\"0\">\r\n\t\t\t\t\t\t\t\t<div class=\"mdocs-btn-group btn-group\">\r\n\t\t\t\t\t\t\t\t\t\t\t\t\t\t\t\t\t\t<a class=\"mdocs-title-href\" data-mdocs-id=\"10\" data-toggle=\"dropdown\" href=\"#\" data-folder=\"mdocs-cat-22\" data-sort=\"modified\" data-sort-type=\"desc\" data-current-sort=\"modified\" data-current-sort-type=\"desc\" data-is-dashboard=\"\" data-hide-folder=\"1\" data-hide-main-folder=\"1\"><img decoding=\"async\" src=\"https:\/\/jf-aldeiavelha.pt\/wp-content\/plugins\/memphis-documents-library\/assets\/imgs\/filetype-icons\/pdf.png\" class=\"mdoc-file-type-icon\"  \/> Aviso de 15 de novembro de 2024 - In\u00edcio de Procedimento de Elabora\u00e7\u00e3o de Regulamento do Cemit\u00e9rio da Freguesia - <small class=\"text-muted\">aviso_15_11_2024.pdf<\/small><\/a>\r\n\t\t\t\t\t\t\t\t\t\r\n\t\t\t\t\t\t\t\t\t<ul class=\"mdocs-dropdown-menu\" role=\"menu\" aria-labelledby=\"dropdownMenu1\">\r\n\t\t\t\t\t\t\t\t\t\t<li role=\"presentation\" class=\"dropdown-header\"><i class=\"fa fa-medium\" aria-hidden=\"true\"><\/i> &#187; aviso_15_11_2024.pdf<\/li>\r\n\t\t\t\t\t\t\t\t\t\t<li role=\"presentation\" class=\"divider\"><\/li>\r\n\t\t\t\t\t\t\t\t\t\t<li role=\"presentation\" class=\"dropdown-header\">File Options<\/li>\r\n\t\t\t\t\t\t\t\t\t\t\t\t<li role=\"presentation\">\r\n\t\t\t<a role=\"menuitem\" tabindex=\"-1\" href=\"https:\/\/jf-aldeiavelha.pt\/?mdocs-file=825\"><i class=\"fas fa-cloud-download-alt\" aria-hidden=\"true\"><\/i> Download<\/a>\r\n\t\t<\/li>\r\n\t\t\t<li role=\"presentation\"><a class=\"description-preview\" role=\"menuitem\" tabindex=\"-1\" href=\"#\" data-toggle=\"mdocs-modal\" data-target=\"#mdocs-description-preview\" data-mdocs-id=\"825\" data-is-admin=\"\" ><i class=\"fa fa-leaf\" aria-hidden=\"true\"><\/i> Description<\/a><\/li>\r\n\t \r\n\t\t<li role=\"presentation\">\r\n\t\t\t<a class=\"file-preview\" role=\"menuitem\" tabindex=\"-1\" data-toggle=\"mdocs-modal\" data-target=\"#mdocs-file-preview\" data-mdocs-id=\"825\" data-is-admin=\"\" href=\"\"><i class=\"fa fa-search mdocs-preview-icon\" aria-hidden=\"true\"><\/i> Preview<\/a>\r\n\t\t<\/li>\r\n\t\t\t\t<li role=\"presentation\"><a class=\"versions-button\" role=\"menuitem\" tabindex=\"-1\" href=\"#\" data-toggle=\"mdocs-modal\" data-target=\"#mdocs-versions\" data-mdocs-id=\"825\" ><i class=\"fa fa-code-branch\" aria-hidden=\"true\"><\/i> Other Versions<\/a><\/li>\r\n\t\t\t\t<li role=\"presentation\">\r\n\t\t\t<a role=\"menuitem\" tabindex=\"-1\" href=\"https:\/\/jf-aldeiavelha.pt\/?mdocs-posts=aviso-de-15-de-novembro-de-2024-inicio-de-procedimento-de-elaboracao-de-regulamento&mdocs-cat=\" target=\"_blank\">\r\n\t\t\t<i class=\"fas fa-arrow-circle-right\" aria-hidden=\"true\" ><\/i> Goto Post<\/a>\r\n\t\t<\/li>\r\n\t\t\t\t\t\t\t\t\t\t\t  <\/ul>\r\n\t\t\t\t\t\t\t\t<\/div>\r\n\t\t\t\t\t\t<\/td>\r\n\t\t\t\t\t\t\t\t\t\t\t\t<td class=\"mdocs-download\">\r\n\t\t\t\t\t\t\t<i class=\"fa fa-download\" aria-hidden=\"true\" title=\"Download\"><\/i>\r\n\t\t\t\t\t\t\t<em style=\"color: ;\" ><a href=\"https:\/\/jf-aldeiavelha.pt\/?mdocs-file=825\">Download<\/a><\/em>\r\n\t\t\t\t\t\t<\/td>\t\t<\/tr>\r\n<\/table><\/div><\/div>\n","protected":false},"excerpt":{"rendered":"<p>2026 2024<\/p>\n","protected":false},"author":1,"featured_media":0,"parent":0,"menu_order":0,"comment_status":"closed","ping_status":"closed","template":"","meta":{"footnotes":""},"class_list":["post-820","page","type-page","status-publish","hentry"],"_links":{"self":[{"href":"https:\/\/jf-aldeiavelha.pt\/index.php?rest_route=\/wp\/v2\/pages\/820","targetHints":{"allow":["GET"]}}],"collection":[{"href":"https:\/\/jf-aldeiavelha.pt\/index.php?rest_route=\/wp\/v2\/pages"}],"about":[{"href":"https:\/\/jf-aldeiavelha.pt\/index.php?rest_route=\/wp\/v2\/types\/page"}],"author":[{"embeddable":true,"href":"https:\/\/jf-aldeiavelha.pt\/index.php?rest_route=\/wp\/v2\/users\/1"}],"replies":[{"embeddable":true,"href":"https:\/\/jf-aldeiavelha.pt\/index.php?rest_route=%2Fwp%2Fv2%2Fcomments&post=820"}],"version-history":[{"count":3,"href":"https:\/\/jf-aldeiavelha.pt\/index.php?rest_route=\/wp\/v2\/pages\/820\/revisions"}],"predecessor-version":[{"id":867,"href":"https:\/\/jf-aldeiavelha.pt\/index.php?rest_route=\/wp\/v2\/pages\/820\/revisions\/867"}],"wp:attachment":[{"href":"https:\/\/jf-aldeiavelha.pt\/index.php?rest_route=%2Fwp%2Fv2%2Fmedia&parent=820"}],"curies":[{"name":"wp","href":"https:\/\/api.w.org\/{rel}","templated":true}]}}